{"id":28,"date":"2021-08-28T18:44:50","date_gmt":"2021-08-28T16:44:50","guid":{"rendered":"https:\/\/nfc.supply\/?post_type=product&#038;p=28"},"modified":"2026-03-29T18:06:44","modified_gmt":"2026-03-29T16:06:44","slug":"mifare-classic-1k-coin-tag","status":"publish","type":"product","link":"https:\/\/nfc.supply\/en\/product\/mifare-classic-1k-coin-tag\/","title":{"rendered":"Mifare Classic 1k coin tag"},"content":{"rendered":"<p><span style=\"text-decoration: underline;\">Product information<\/span><br \/>\n\u2013 Rewritable memory<br \/>\n&#8211; Chip: S50 (Mifare Classic 1k)<br \/>\n\u2013 1024 byte memory<br \/>\n\u2013 Diameter: 25mm<br \/>\n\u2013 Coil diameter: 21mm<br \/>\n\u2013 Thickness: 0.8mm<br \/>\n\u2013 Material: PVC<br \/>\n\u2013 Color: white<br \/>\n\u2013 Frequency: 13.56 MHz<br \/>\n\u2013 Fixed 4-byte UID<br \/>\n\u2013 Compatible with Android, Windows, Linux<br \/>\n.<\/p>","protected":false},"excerpt":{"rendered":"<p>Produkt-Informationen: &#8211; Wiederbeschreibbarer Speicher &#8211; Chip: S50 (Mifare Classic 1k) &#8211; Speicher: 1024 Byte &#8211; Durchmesser: etwa 25 mm &#8211; Durchmesser Spule: etwa 21mm &#8211; H\u00f6he: etwa 0,8mm &#8211; Material: PVC &#8211; Farbe: wei\u00df &#8211; Arbeitsfrequenz: 13.56 MHz &#8211; feste 4-Byte UID &#8211; F\u00fcr Android, Windows, Linux Damit Sie die NFC Sticker verwenden k\u00f6nnen, muss&#8230;<\/p>","protected":false},"featured_media":34,"comment_status":"open","ping_status":"closed","template":"","meta":[],"product_brand":[],"product_cat":[24,25,18],"product_tag":[26,27,28,29,19,30,23],"class_list":{"0":"post-28","1":"product","2":"type-product","3":"status-publish","4":"has-post-thumbnail","6":"product_cat-chip-mifare-classic-1k","7":"product_cat-nfc-coin-tags","8":"product_cat-nfc-tags","9":"product_tag-coin","10":"product_tag-coin-tag","11":"product_tag-mifare","12":"product_tag-mifare-classic-1k","13":"product_tag-nfc","14":"product_tag-s50","15":"product_tag-tag","17":"first","18":"outofstock","19":"shipping-taxable","20":"purchasable","21":"product-type-variable","22":"has-default-attributes"},"jetpack_sharing_enabled":true,"_links":{"self":[{"href":"https:\/\/nfc.supply\/en\/wp-json\/wp\/v2\/product\/28","targetHints":{"allow":["GET"]}}],"collection":[{"href":"https:\/\/nfc.supply\/en\/wp-json\/wp\/v2\/product"}],"about":[{"href":"https:\/\/nfc.supply\/en\/wp-json\/wp\/v2\/types\/product"}],"replies":[{"embeddable":true,"href":"https:\/\/nfc.supply\/en\/wp-json\/wp\/v2\/comments?post=28"}],"wp:featuredmedia":[{"embeddable":true,"href":"https:\/\/nfc.supply\/en\/wp-json\/wp\/v2\/media\/34"}],"wp:attachment":[{"href":"https:\/\/nfc.supply\/en\/wp-json\/wp\/v2\/media?parent=28"}],"wp:term":[{"taxonomy":"product_brand","embeddable":true,"href":"https:\/\/nfc.supply\/en\/wp-json\/wp\/v2\/product_brand?post=28"},{"taxonomy":"product_cat","embeddable":true,"href":"https:\/\/nfc.supply\/en\/wp-json\/wp\/v2\/product_cat?post=28"},{"taxonomy":"product_tag","embeddable":true,"href":"https:\/\/nfc.supply\/en\/wp-json\/wp\/v2\/product_tag?post=28"}],"curies":[{"name":"wp","href":"https:\/\/api.w.org\/{rel}","templated":true}]}}