{"id":73,"date":"2021-08-28T20:00:47","date_gmt":"2021-08-28T18:00:47","guid":{"rendered":"https:\/\/nfc.supply\/agb\/"},"modified":"2021-12-04T23:27:53","modified_gmt":"2021-12-04T22:27:53","slug":"agb","status":"publish","type":"page","link":"https:\/\/nfc.supply\/en\/agb\/","title":{"rendered":"Terms and conditions"},"content":{"rendered":"<p>Allgemeine Gesch\u00e4ftsbedingungen<\/p>\n<p>1.\u00a0GELTUNGSBEREICH<\/p>\n<p>F\u00fcr alle Bestellungen \u00fcber unseren Online-Shop durch Verbraucher und Unternehmer gelten die nachfolgenden AGB.<\/p>\n<p>Verbraucher ist jede nat\u00fcrliche Person, die ein Rechtsgesch\u00e4ft zu Zwecken abschlie\u00dft, die \u00fcberwiegend weder ihrer gewerblichen noch ihrer selbst\u00e4ndigen beruflichen T\u00e4tigkeit zugerechnet werden k\u00f6nnen. Unternehmer ist eine nat\u00fcrliche oder juristische Person oder eine rechtsf\u00e4hige Personengesellschaft, die bei Abschluss eines Rechtsgesch\u00e4fts in Aus\u00fcbung ihrer gewerblichen oder selbst\u00e4ndigen beruflichen T\u00e4tigkeit handelt.<\/p>\n<p>Gegen\u00fcber Unternehmern gilt: Verwendet der Unternehmer entgegenstehende oder erg\u00e4nzende Allgemeine Gesch\u00e4ftsbedingungen, wird deren Geltung hiermit widersprochen; sie werden nur dann Vertragsbestandteil, wenn wir dem ausdr\u00fccklich zugestimmt haben.<\/p>\n<p>2.\u00a0VERTRAGSPARTNER, VERTRAGSSCHLUSS, KORREKTURM\u00d6GLICHKEITEN<\/p>\n<p>Der Kaufvertrag kommt zustande mit Onlinehandel Alexander Gerometta.<\/p>\n<p>Die Darstellung der Produkte im Online-Shop stellt kein rechtlich bindendes Angebot, sondern einen unverbindlichen Online-Katalog dar. Sie k\u00f6nnen unsere Produkte zun\u00e4chst unverbindlich in den Warenkorb legen und Ihre Eingaben vor Absenden Ihrer verbindlichen Bestellung jederzeit korrigieren, indem Sie die hierf\u00fcr im Bestellablauf vorgesehenen und erl\u00e4uterten Korrekturhilfen nutzen. Durch Anklicken des Bestellbuttons geben Sie ein verbindliches Angebot \u00fcber die im Warenkorb enthaltenen Waren ab. Die Best\u00e4tigung des Zugangs Ihrer Bestellung erfolgt per E-Mail unmittelbar nach dem Absenden der Bestellung.<\/p>\n<p>Wir nehmen Ihr Angebot innerhalb von zwei Tagen an, indem<\/p>\n<p>* wir eine Annahmeerkl\u00e4rung in separater E-Mail abgeben oder<br \/>\n* wir die Ware ausliefern lassen oder<br \/>\n* gegebenenfalls die Zahlungstransaktion durch unseren Dienstleister oder den ausgew\u00e4hlten Zahlungsdienstleister durchgef\u00fchrt wird. Der Durchf\u00fchrungszeitpunkt der Zahlungstransaktion richtet sich nach der jeweils ausgew\u00e4hlten Zahlungsart (s. unter \u201eBezahlung\u201c).<\/p>\n<p>Die f\u00fcr Sie relevante Alternative richtet sich danach, welches der aufgez\u00e4hlten Ereignisse als erstes eintritt.<\/p>\n<p>3.\u00a0VERTRAGSSPRACHE, VERTRAGSTEXTSPEICHERUNG<\/p>\n<p>Die f\u00fcr den Vertragsschluss zur Verf\u00fcgung stehende(n) Sprache(n): Deutsch<\/p>\n<p>Wir speichern den Vertragstext und senden Ihnen die Bestelldaten und unsere AGB in Textform zu. Den Vertragstext k\u00f6nnen Sie in unserem Kunden-Login einsehen.<\/p>\n<p>4.\u00a0LIEFERBEDINGUNGEN<\/p>\n<p>Zuz\u00fcglich zu den angegebenen Produktpreisen k\u00f6nnen noch Versandkosten anfallen. N\u00e4here Bestimmungen zu ggf. anfallenden Versandkosten erfahren Sie bei den Angeboten.<\/p>\n<p>Wir liefern nur im Versandweg. Eine Selbstabholung der Ware ist leider nicht m\u00f6glich.<\/p>\n<p>Wir liefern nicht an Packstationen.<\/p>\n<p>5.\u00a0BEZAHLUNG<\/p>\n<p>In unserem Shop stehen Ihnen grunds\u00e4tzlich die folgenden Zahlungsarten zur Verf\u00fcgung:<\/p>\n<p>Credit\/debit card<br \/>\nIm Bestellprozess geben Sie Ihre Kreditkartendaten an. Ihre Karte wird nach Versendung der Ware belastet.<\/p>\n<p>PayPal<br \/>\nUm den Rechnungsbetrag \u00fcber den Zahlungsdienstleister PayPal (Europe) S.\u00e0 r.l. et Cie, S.C.A, 22-24 Boulevard Royal, L-2449 Luxembourg (\u201ePayPal\u201c) bezahlen zu k\u00f6nnen, m\u00fcssen Sie bei PayPal registriert sein, sich mit Ihren Zugangsdaten legitimieren und die Zahlungsanweisung best\u00e4tigen. Die Zahlungstransaktion wird durch PayPal nach Versendung der Ware durchgef\u00fchrt. Weitere Hinweise erhalten Sie im Bestellvorgang.<\/p>\n<p>Sofort by klarna<br \/>\nUm den Rechnungsbetrag \u00fcber den Zahlungsdienstleister Sofort GmbH, Theresienh\u00f6he 12, 80339 M\u00fcnchen bezahlen zu k\u00f6nnen, m\u00fcssen Sie \u00fcber ein f\u00fcr Online-Banking freigeschaltetes Bankkonto verf\u00fcgen, sich entsprechend legitimieren und die Zahlungsanweisung best\u00e4tigen. Ihr Konto wird unmittelbar nach Abgabe der Bestellung belastet. Weitere Hinweise erhalten Sie im Bestellvorgang.<\/p>\n<p>6.\u00a0WIDERRUFSRECHT<\/p>\n<p>Verbrauchern steht das gesetzliche Widerrufsrecht, wie in der Widerrufsbelehrung beschrieben, zu. Unternehmern wird kein freiwilliges Widerrufsrecht einger\u00e4umt.<\/p>\n<p>7.\u00a0GEW\u00c4HRLEISTUNG UND GARANTIEN<\/p>\n<p>7.1\u00a0M\u00c4NGELHAFTUNGSRECHT<\/p>\n<p>Soweit nicht nachstehend ausdr\u00fccklich anders vereinbart, gilt das gesetzliche M\u00e4ngelhaftungsrecht.<\/p>\n<p>Die nachstehenden Einschr\u00e4nkungen und Fristverk\u00fcrzungen gelten nicht f\u00fcr Anspr\u00fcche aufgrund von Sch\u00e4den, die durch uns, unsere gesetzlichen Vertreter oder Erf\u00fcllungsgehilfen verursacht wurden<\/p>\n<p>* bei Verletzung des Lebens, des K\u00f6rpers oder der Gesundheit<br \/>\n* bei vors\u00e4tzlicher oder grob fahrl\u00e4ssiger Pflichtverletzung sowie Arglist<br \/>\n* bei Verletzung wesentlicher Vertragspflichten, deren Erf\u00fcllung die ordnungsgem\u00e4\u00dfe Durchf\u00fchrung des Vertrages \u00fcberhaupt erst erm\u00f6glicht und auf deren Einhaltung der Vertragspartner regelm\u00e4\u00dfig vertrauen darf (Kardinalpflichten)<br \/>\n* im Rahmen eines Garantieversprechens, soweit vereinbart, oder<br \/>\n* soweit der Anwendungsbereich des Produkthaftungsgesetzes er\u00f6ffnet ist.<\/p>\n<p>Beschr\u00e4nkungen gegen\u00fcber Unternehmern<br \/>\nGegen\u00fcber Unternehmern gelten als Vereinbarung \u00fcber die Beschaffenheit der Ware nur unsere eigenen Angaben und die Produktbeschreibungen des Herstellers, die in den Vertrag einbezogen wurden; f\u00fcr \u00f6ffentliche \u00c4u\u00dferungen des Herstellers oder sonstige Werbeaussagen \u00fcbernehmen wir keine Haftung. F\u00fcr Unternehmer betr\u00e4gt die Verj\u00e4hrungsfrist f\u00fcr M\u00e4ngelanspr\u00fcche bei neu hergestellten Sachen ein Jahr ab Gefahr\u00fcbergang.<\/p>\n<p>Die gesetzlichen Verj\u00e4hrungsfristen f\u00fcr den R\u00fcckgriffsanspruch nach \u00a7 445a BGB bleiben unber\u00fchrt.<\/p>\n<p>Regelungen gegen\u00fcber Kaufleuten<br \/>\nUnter Kaufleuten gilt die in \u00a7 377 HGB geregelte Untersuchungs- und R\u00fcgepflicht. Unterlassen Sie die dort geregelte Anzeige, so gilt die Ware als genehmigt, es sei denn, dass es sich um einen Mangel handelt, der bei der Untersuchung nicht erkennbar war. Dies gilt nicht, falls wir einen Mangel arglistig verschwiegen haben.<\/p>\n<p>7.2\u00a0GARANTIEN UND KUNDENDIENST<\/p>\n<p>Informationen zu gegebenenfalls geltenden zus\u00e4tzlichen Garantien und deren genaue Bedingungen finden Sie jeweils beim Produkt und auf besonderen Informationsseiten im Online-Shop.<\/p>\n<p>8.\u00a0HAFTUNG<\/p>\n<p>F\u00fcr Anspr\u00fcche aufgrund von Sch\u00e4den, die durch uns, unsere gesetzlichen Vertreter oder Erf\u00fcllungsgehilfen verursacht wurden, haften wir stets unbeschr\u00e4nkt<\/p>\n<p>* bei Verletzung des Lebens, des K\u00f6rpers oder der Gesundheit,<br \/>\n* bei vors\u00e4tzlicher oder grob fahrl\u00e4ssiger Pflichtverletzung,<br \/>\n* bei Garantieversprechen, soweit vereinbart, oder<br \/>\n* soweit der Anwendungsbereich des Produkthaftungsgesetzes er\u00f6ffnet ist.<\/p>\n<p>Bei Verletzung wesentlicher Vertragspflichten, deren Erf\u00fcllung die ordnungsgem\u00e4\u00dfe Durchf\u00fchrung des Vertrages \u00fcberhaupt erst erm\u00f6glicht und auf deren Einhaltung der Vertragspartner regelm\u00e4\u00dfig vertrauen darf, (Kardinalpflichten) durch leichte Fahrl\u00e4ssigkeit von uns, unseren gesetzlichen Vertretern oder Erf\u00fcllungsgehilfen ist die Haftung der H\u00f6he nach auf den bei Vertragsschluss vorhersehbaren Schaden begrenzt, mit dessen Entstehung typischerweise gerechnet werden muss.<br \/>\nIm \u00dcbrigen sind Anspr\u00fcche auf Schadensersatz ausgeschlossen.<\/p>\n<p>9.\u00a0STREITBEILEGUNG<\/p>\n<p>Die Europ\u00e4ische Kommission stellt eine Plattform zur Online-Streitbeilegung (OS) bereit, die Sie <a href=\"https:\/\/ec.europa.eu\/consumers\/odr\/\">hier<\/a> finden. Zur Teilnahme an einem Streitbeilegungsverfahren vor einer Verbraucherschlichtungsstelle sind wir nicht verpflichtet und nicht bereit.<\/p>\n<p>10.\u00a0SCHLUSSBESTIMMUNGEN<\/p>\n<p>Sind Sie Unternehmer, dann gilt deutsches Recht unter Ausschluss des UN-Kaufrechts.<\/p>\n<p>AGB erstellt mit dem <a href=\"https:\/\/legal.trustedshops.com\">Trusted Shops<\/a> Rechtstexter in Kooperation mit <a href=\"https:\/\/foehlisch.com\">F\u00d6HLISCH Rechtsanw\u00e4lte<\/a>.<\/p>","protected":false},"excerpt":{"rendered":"<p>Allgemeine Gesch\u00e4ftsbedingungen 1.\u00a0GELTUNGSBEREICH F\u00fcr alle Bestellungen \u00fcber unseren Online-Shop durch Verbraucher und Unternehmer gelten die nachfolgenden AGB. Verbraucher ist jede nat\u00fcrliche Person, die ein Rechtsgesch\u00e4ft zu Zwecken abschlie\u00dft, die \u00fcberwiegend weder ihrer gewerblichen noch ihrer selbst\u00e4ndigen beruflichen T\u00e4tigkeit zugerechnet werden k\u00f6nnen. Unternehmer ist eine nat\u00fcrliche oder juristische Person oder eine rechtsf\u00e4hige Personengesellschaft, die bei Abschluss&#8230;<\/p>","protected":false},"author":1,"featured_media":0,"parent":0,"menu_order":0,"comment_status":"closed","ping_status":"closed","template":"","meta":{"footnotes":""},"class_list":["post-73","page","type-page","status-publish","hentry"],"jetpack_sharing_enabled":true,"_links":{"self":[{"href":"https:\/\/nfc.supply\/en\/wp-json\/wp\/v2\/pages\/73","targetHints":{"allow":["GET"]}}],"collection":[{"href":"https:\/\/nfc.supply\/en\/wp-json\/wp\/v2\/pages"}],"about":[{"href":"https:\/\/nfc.supply\/en\/wp-json\/wp\/v2\/types\/page"}],"author":[{"embeddable":true,"href":"https:\/\/nfc.supply\/en\/wp-json\/wp\/v2\/users\/1"}],"replies":[{"embeddable":true,"href":"https:\/\/nfc.supply\/en\/wp-json\/wp\/v2\/comments?post=73"}],"version-history":[{"count":5,"href":"https:\/\/nfc.supply\/en\/wp-json\/wp\/v2\/pages\/73\/revisions"}],"predecessor-version":[{"id":2342,"href":"https:\/\/nfc.supply\/en\/wp-json\/wp\/v2\/pages\/73\/revisions\/2342"}],"wp:attachment":[{"href":"https:\/\/nfc.supply\/en\/wp-json\/wp\/v2\/media?parent=73"}],"curies":[{"name":"wp","href":"https:\/\/api.w.org\/{rel}","templated":true}]}}